{"id":5244,"date":"2017-01-17T19:12:08","date_gmt":"2017-01-17T19:12:08","guid":{"rendered":"https:\/\/ushiplearnstag.wpengine.com\/fr\/?page_id=5244"},"modified":"2017-01-17T20:47:47","modified_gmt":"2017-01-17T20:47:47","slug":"paiements-securises","status":"publish","type":"page","link":"https:\/\/ushiplearnstag.wpengine.com\/fr\/clients\/paiements-securises\/","title":{"rendered":"Paiements S\u00e9curis\u00e9s"},"content":{"rendered":"","protected":false},"excerpt":{"rendered":"","protected":false},"author":2,"featured_media":0,"parent":5,"menu_order":0,"comment_status":"closed","ping_status":"closed","template":"tabbed-page-v2-child.php","meta":{"footnotes":""},"class_list":["post-5244","page","type-page","status-publish","hentry"],"acf":[],"yoast_head":"<!-- This site is optimized with the Yoast SEO plugin v22.0 - https:\/\/yoast.com\/wordpress\/plugins\/seo\/ -->\n<title>Paiements S\u00e9curis\u00e9s - Comment \u00c7a Marche<\/title>\n<meta name=\"robots\" content=\"index, follow, max-snippet:-1, max-image-preview:large, max-video-preview:-1\" \/>\n<link rel=\"canonical\" href=\"https:\/\/ushiplearnstag.wpengine.com\/fr\/clients\/paiements-securises\/\" \/>\n<meta property=\"og:locale\" content=\"fr_FR\" \/>\n<meta property=\"og:type\" content=\"article\" \/>\n<meta property=\"og:title\" content=\"Paiements S\u00e9curis\u00e9s - Comment \u00c7a Marche\" \/>\n<meta property=\"og:url\" content=\"https:\/\/ushiplearnstag.wpengine.com\/fr\/clients\/paiements-securises\/\" \/>\n<meta property=\"og:site_name\" content=\"Comment \u00c7a Marche\" \/>\n<meta property=\"article:modified_time\" content=\"2017-01-17T20:47:47+00:00\" \/>\n<meta name=\"twitter:card\" content=\"summary_large_image\" \/>\n<script type=\"application\/ld+json\" class=\"yoast-schema-graph\">{\"@context\":\"https:\/\/schema.org\",\"@graph\":[{\"@type\":\"WebPage\",\"@id\":\"https:\/\/ushiplearnstag.wpengine.com\/fr\/clients\/paiements-securises\/\",\"url\":\"https:\/\/ushiplearnstag.wpengine.com\/fr\/clients\/paiements-securises\/\",\"name\":\"Paiements S\u00e9curis\u00e9s - Comment \u00c7a Marche\",\"isPartOf\":{\"@id\":\"https:\/\/ushiplearnstag.wpengine.com\/fr\/#website\"},\"datePublished\":\"2017-01-17T19:12:08+00:00\",\"dateModified\":\"2017-01-17T20:47:47+00:00\",\"breadcrumb\":{\"@id\":\"https:\/\/ushiplearnstag.wpengine.com\/fr\/clients\/paiements-securises\/#breadcrumb\"},\"inLanguage\":\"fr-FR\",\"potentialAction\":[{\"@type\":\"ReadAction\",\"target\":[\"https:\/\/ushiplearnstag.wpengine.com\/fr\/clients\/paiements-securises\/\"]}]},{\"@type\":\"BreadcrumbList\",\"@id\":\"https:\/\/ushiplearnstag.wpengine.com\/fr\/clients\/paiements-securises\/#breadcrumb\",\"itemListElement\":[{\"@type\":\"ListItem\",\"position\":1,\"name\":\"Home\",\"item\":\"https:\/\/ushiplearnstag.wpengine.com\/fr\/\"},{\"@type\":\"ListItem\",\"position\":2,\"name\":\"Clients\",\"item\":\"https:\/\/ushiplearnstag.wpengine.com\/fr\/clients\/\"},{\"@type\":\"ListItem\",\"position\":3,\"name\":\"Paiements S\u00e9curis\u00e9s\"}]},{\"@type\":\"WebSite\",\"@id\":\"https:\/\/ushiplearnstag.wpengine.com\/fr\/#website\",\"url\":\"https:\/\/ushiplearnstag.wpengine.com\/fr\/\",\"name\":\"Comment \u00c7a Marche\",\"description\":\"\",\"potentialAction\":[{\"@type\":\"SearchAction\",\"target\":{\"@type\":\"EntryPoint\",\"urlTemplate\":\"https:\/\/ushiplearnstag.wpengine.com\/fr\/?s={search_term_string}\"},\"query-input\":\"required name=search_term_string\"}],\"inLanguage\":\"fr-FR\"}]}<\/script>\n<!-- \/ Yoast SEO plugin. -->","yoast_head_json":{"title":"Paiements S\u00e9curis\u00e9s - Comment \u00c7a Marche","robots":{"index":"index","follow":"follow","max-snippet":"max-snippet:-1","max-image-preview":"max-image-preview:large","max-video-preview":"max-video-preview:-1"},"canonical":"https:\/\/ushiplearnstag.wpengine.com\/fr\/clients\/paiements-securises\/","og_locale":"fr_FR","og_type":"article","og_title":"Paiements S\u00e9curis\u00e9s - Comment \u00c7a Marche","og_url":"https:\/\/ushiplearnstag.wpengine.com\/fr\/clients\/paiements-securises\/","og_site_name":"Comment \u00c7a Marche","article_modified_time":"2017-01-17T20:47:47+00:00","twitter_card":"summary_large_image","schema":{"@context":"https:\/\/schema.org","@graph":[{"@type":"WebPage","@id":"https:\/\/ushiplearnstag.wpengine.com\/fr\/clients\/paiements-securises\/","url":"https:\/\/ushiplearnstag.wpengine.com\/fr\/clients\/paiements-securises\/","name":"Paiements S\u00e9curis\u00e9s - Comment \u00c7a Marche","isPartOf":{"@id":"https:\/\/ushiplearnstag.wpengine.com\/fr\/#website"},"datePublished":"2017-01-17T19:12:08+00:00","dateModified":"2017-01-17T20:47:47+00:00","breadcrumb":{"@id":"https:\/\/ushiplearnstag.wpengine.com\/fr\/clients\/paiements-securises\/#breadcrumb"},"inLanguage":"fr-FR","potentialAction":[{"@type":"ReadAction","target":["https:\/\/ushiplearnstag.wpengine.com\/fr\/clients\/paiements-securises\/"]}]},{"@type":"BreadcrumbList","@id":"https:\/\/ushiplearnstag.wpengine.com\/fr\/clients\/paiements-securises\/#breadcrumb","itemListElement":[{"@type":"ListItem","position":1,"name":"Home","item":"https:\/\/ushiplearnstag.wpengine.com\/fr\/"},{"@type":"ListItem","position":2,"name":"Clients","item":"https:\/\/ushiplearnstag.wpengine.com\/fr\/clients\/"},{"@type":"ListItem","position":3,"name":"Paiements S\u00e9curis\u00e9s"}]},{"@type":"WebSite","@id":"https:\/\/ushiplearnstag.wpengine.com\/fr\/#website","url":"https:\/\/ushiplearnstag.wpengine.com\/fr\/","name":"Comment \u00c7a Marche","description":"","potentialAction":[{"@type":"SearchAction","target":{"@type":"EntryPoint","urlTemplate":"https:\/\/ushiplearnstag.wpengine.com\/fr\/?s={search_term_string}"},"query-input":"required name=search_term_string"}],"inLanguage":"fr-FR"}]}},"fixed_price_tool_customer_success":{"image":false,"telephone":false,"email":false},"_links":{"self":[{"href":"https:\/\/ushiplearnstag.wpengine.com\/fr\/wp-json\/wp\/v2\/pages\/5244","targetHints":{"allow":["GET"]}}],"collection":[{"href":"https:\/\/ushiplearnstag.wpengine.com\/fr\/wp-json\/wp\/v2\/pages"}],"about":[{"href":"https:\/\/ushiplearnstag.wpengine.com\/fr\/wp-json\/wp\/v2\/types\/page"}],"author":[{"embeddable":true,"href":"https:\/\/ushiplearnstag.wpengine.com\/fr\/wp-json\/wp\/v2\/users\/2"}],"replies":[{"embeddable":true,"href":"https:\/\/ushiplearnstag.wpengine.com\/fr\/wp-json\/wp\/v2\/comments?post=5244"}],"version-history":[{"count":0,"href":"https:\/\/ushiplearnstag.wpengine.com\/fr\/wp-json\/wp\/v2\/pages\/5244\/revisions"}],"up":[{"embeddable":true,"href":"https:\/\/ushiplearnstag.wpengine.com\/fr\/wp-json\/wp\/v2\/pages\/5"}],"wp:attachment":[{"href":"https:\/\/ushiplearnstag.wpengine.com\/fr\/wp-json\/wp\/v2\/media?parent=5244"}],"curies":[{"name":"wp","href":"https:\/\/api.w.org\/{rel}","templated":true}]}}